{"id":14,"date":"2015-10-10T10:09:19","date_gmt":"2015-10-10T10:09:19","guid":{"rendered":"http:\/\/hubertusaschenwald.at\/?page_id=14"},"modified":"2015-11-28T18:05:34","modified_gmt":"2015-11-28T18:05:34","slug":"philosophie","status":"publish","type":"page","link":"http:\/\/hubertusaschenwald.at\/?page_id=14","title":{"rendered":"Philosophie"},"content":{"rendered":"<p style=\"text-align: center;\"><strong>Pendeluhren aus reiner Handarbeit ohne HI-TECH-Maschinen<\/strong><br \/>\n<a href=\"http:\/\/hubertusaschenwald.at\/wp-content\/uploads\/2015\/10\/777-81.jpg\"><img decoding=\"async\" loading=\"lazy\" class=\"alignnone size-thumbnail wp-image-103\" src=\"http:\/\/hubertusaschenwald.at\/wp-content\/uploads\/2015\/10\/777-81-300x169.jpg\" alt=\"777 (8)\" width=\"300\" height=\"169\" srcset=\"http:\/\/hubertusaschenwald.at\/wp-content\/uploads\/2015\/10\/777-81-300x169.jpg 300w, http:\/\/hubertusaschenwald.at\/wp-content\/uploads\/2015\/10\/777-81-500x281.jpg 500w, http:\/\/hubertusaschenwald.at\/wp-content\/uploads\/2015\/10\/777-81-1024x575.jpg 1024w\" sizes=\"(max-width: 300px) 100vw, 300px\" \/><\/a> <a href=\"http:\/\/hubertusaschenwald.at\/wp-content\/uploads\/2015\/10\/DSC09596.jpg\"><img decoding=\"async\" loading=\"lazy\" class=\"alignnone size-thumbnail wp-image-174\" src=\"http:\/\/hubertusaschenwald.at\/wp-content\/uploads\/2015\/10\/DSC09596-300x169.jpg\" alt=\"DSC09596\" width=\"300\" height=\"169\" srcset=\"http:\/\/hubertusaschenwald.at\/wp-content\/uploads\/2015\/10\/DSC09596-300x169.jpg 300w, http:\/\/hubertusaschenwald.at\/wp-content\/uploads\/2015\/10\/DSC09596-500x281.jpg 500w, http:\/\/hubertusaschenwald.at\/wp-content\/uploads\/2015\/10\/DSC09596-1024x576.jpg 1024w\" sizes=\"(max-width: 300px) 100vw, 300px\" \/>\u00a0<\/a><a href=\"http:\/\/hubertusaschenwald.at\/wp-content\/uploads\/2015\/10\/DSC09594.jpg\"><img decoding=\"async\" loading=\"lazy\" class=\"aligncenter wp-image-173 size-thumbnail\" src=\"http:\/\/hubertusaschenwald.at\/wp-content\/uploads\/2015\/10\/DSC09594-300x169.jpg\" alt=\"DSC09594\" width=\"300\" height=\"169\" srcset=\"http:\/\/hubertusaschenwald.at\/wp-content\/uploads\/2015\/10\/DSC09594-300x169.jpg 300w, http:\/\/hubertusaschenwald.at\/wp-content\/uploads\/2015\/10\/DSC09594-500x281.jpg 500w, http:\/\/hubertusaschenwald.at\/wp-content\/uploads\/2015\/10\/DSC09594-1024x576.jpg 1024w\" sizes=\"(max-width: 300px) 100vw, 300px\" \/><\/a><\/p>\n<p style=\"text-align: center;\">Die Geschichte der Zeitmessung liegt schon sehr weit zur\u00fcck.<\/p>\n<p style=\"text-align: center;\">Im alten \u00c4gypten wurden bereits vor mehreren tausend Jahren Sonnenuhren, Wasseruhren und \u00d6luhren verwendet, um die Zeit von Sonnenaufgang bis Sonnenuntergang in kleinere und genauere Einheiten aufzuteilen.<\/p>\n<p style=\"text-align: center;\">Erst viele Jahre sp\u00e4ter, im 11. oder 12. Jahrhundert haben M\u00f6nche in Kl\u00f6stern die ersten mechanischen R\u00e4deruhren erfunden. Diese wurden im Laufe der Jahrhunderte immer besser, genauer und auch kleiner, sodass man sie in der Tasche oder am Handgelenk tragen konnte.<\/p>\n<p style=\"text-align: center;\">Als in den 1930er Jahren die Quarzuhr erfunden wurde, begann der Niedergang der mechanischen Uhrenfabrikation, die Betriebsst\u00e4tten wurden geschlossen und Tausende dadurch arbeitslos.<\/p>\n<p style=\"text-align: center;\">Erst seit wenigen Jahren gibt es wieder Interessierte, die eine mechanische Uhr tragen wollen. Bei diesen Uhren handelt es sich um sehr hochwertige, sehr teure St\u00fccke, deren Teile auf modernsten Hi-Tech-Maschinen hergestellt werden.<\/p>\n<p style=\"text-align: center;\">Da aber die Zeit und ihre Einteilung bzw. Messung immer schon eine der wichtigsten Dinge im Leben der Menschen waren, wollte ich interessierten Leuten diese Vorg\u00e4nge in einer mechanischen Uhr sichtbar machen.<\/p>\n<p style=\"text-align: center;\">Es ist mir gelungen, mit einfachen handbet\u00e4tigten Maschinen einige mechanische Pendeluhren herzustellen, die in ihrer Wirkungsweise gleich sind, aber mit unterschiedlichen Pendell\u00e4ngen und Pendelgeschwindigkeiten.<\/p>\n<p style=\"text-align: center;\">Diese Uhren sind vollkommen offen, sodass man in sie hineinschauen kann und sieht, wie Zeitmessung bzw. Zeiteinteilung funktioniert. Die zweckm\u00e4\u00dfige Anordnung der einzelnen Zahnr\u00e4der ist ebenso wichtig wie die Pendell\u00e4nge und die Schwere des Gewichtes, um eine Pendeluhr in Gang zu halten und eine pr\u00e4zise Zeit ablesen zu k\u00f6nnen.<\/p>\n<p style=\"text-align: center;\">In der Hoffnung, Ihnen die Faszination<strong> MECHANISCHE UHR<\/strong> n\u00e4herbringen zu k\u00f6nnen, w\u00fcnsche ich viel Spa\u00df beim Besuch meiner Homepage.<\/p>\n<p style=\"text-align: center;\">Bei Interesse: <strong><a href=\"mailto:mhf.pendeluhren@gmx.at\">mhf.pendeluhren@gmx.at<\/a><\/strong><\/p>\n<p style=\"text-align: center;\">\n","protected":false},"excerpt":{"rendered":"<p>Pendeluhren aus reiner Handarbeit ohne HI-TECH-Maschinen \u00a0 Die Geschichte der Zeitmessung liegt schon sehr weit zur\u00fcck. Im alten \u00c4gypten wurden bereits vor mehreren tausend Jahren Sonnenuhren, Wasseruhren und \u00d6luhren verwendet, um die Zeit von Sonnenaufgang bis Sonnenuntergang in kleinere und genauere Einheiten aufzuteilen. Erst viele Jahre sp\u00e4ter, im 11. oder 12. Jahrhundert haben M\u00f6nche in &hellip; <a href=\"http:\/\/hubertusaschenwald.at\/?page_id=14\" class=\"more-link\"><span class=\"screen-reader-text\">Philosophie<\/span> weiterlesen <span class=\"meta-nav\">&rarr;<\/span><\/a><\/p>\n","protected":false},"author":2,"featured_media":0,"parent":0,"menu_order":1,"comment_status":"closed","ping_status":"closed","template":"","meta":[],"_links":{"self":[{"href":"http:\/\/hubertusaschenwald.at\/index.php?rest_route=\/wp\/v2\/pages\/14"}],"collection":[{"href":"http:\/\/hubertusaschenwald.at\/index.php?rest_route=\/wp\/v2\/pages"}],"about":[{"href":"http:\/\/hubertusaschenwald.at\/index.php?rest_route=\/wp\/v2\/types\/page"}],"author":[{"embeddable":true,"href":"http:\/\/hubertusaschenwald.at\/index.php?rest_route=\/wp\/v2\/users\/2"}],"replies":[{"embeddable":true,"href":"http:\/\/hubertusaschenwald.at\/index.php?rest_route=%2Fwp%2Fv2%2Fcomments&post=14"}],"version-history":[{"count":11,"href":"http:\/\/hubertusaschenwald.at\/index.php?rest_route=\/wp\/v2\/pages\/14\/revisions"}],"predecessor-version":[{"id":288,"href":"http:\/\/hubertusaschenwald.at\/index.php?rest_route=\/wp\/v2\/pages\/14\/revisions\/288"}],"wp:attachment":[{"href":"http:\/\/hubertusaschenwald.at\/index.php?rest_route=%2Fwp%2Fv2%2Fmedia&parent=14"}],"curies":[{"name":"wp","href":"https:\/\/api.w.org\/{rel}","templated":true}]}}